{"id":6282,"date":"2018-10-25T12:36:29","date_gmt":"2018-10-25T09:36:29","guid":{"rendered":"https:\/\/sedatbas.com\/about-me\/"},"modified":"2024-04-05T17:26:34","modified_gmt":"2024-04-05T14:26:34","slug":"about-me","status":"publish","type":"page","link":"https:\/\/sedatbas.com\/en\/about-me\/","title":{"rendered":"About Me"},"content":{"rendered":"<div class=\"wpb-content-wrapper\"><p>[vc_row top_margin=&#8221;page-margin-top-section&#8221;][vc_column width=&#8221;1\/2&#8243; el_class=&#8221;padding-right-30&#8243;][vc_single_image image=&#8221;5380&#8243; img_size=&#8221;medicenter-vertical-image&#8221; el_class=&#8221;page-margin-top side-image&#8221;][vc_single_image image=&#8221;5381&#8243; img_size=&#8221;medicenter-vertical-image&#8221; alignment=&#8221;right&#8221;][\/vc_column][vc_column width=&#8221;1\/2&#8243;]<h3 class=\"box-header\">Aesthetic and Plastic Surgery<\/h3><h2 class=\"box-header large margin-top-30 no-border\">Op. Dr. Sedat Ba\u015f<\/h2>[vc_column_text el_class=&#8221;large margin-top-10&#8243;]Op. Dr. Sedat Ba\u015f was born in Istanbul in 1970. He completed his medical education in 1995 and earned the title of Medical Doctor. Dr. Ba\u015f began his specialization training in Aesthetic, Plastic, and Reconstructive Surgery in 2000. He earned his specialization title in the field of Aesthetic Plastic and Reconstructive Surgery with his thesis titled &#8220;Vascularization of Bone-Like Bioactive Glass Material by Prefabrication Method and Giving Vitality to this Material&#8221;.<\/p>\n<p>Dr. Ba\u015f served as the clinic manager at the Plastic Surgery Department of Bursa \u015eevket Y\u0131lmaz Training and Research Hospital for two years. During this time, he focused on stem cell and PRP (platelet-rich plasma) applications, conducting extensive research in this field for four months. Dr. Ba\u015f is a member of the Turkish Medical Association, Turkish Society of Plastic, Reconstructive and Aesthetic Surgery, and Turkish Aesthetic Surgery Society. Dr. Sedat Ba\u015f is currently accepting patients at his private practice.[\/vc_column_text][\/vc_column][\/vc_row][vc_row type=&#8221;full-width&#8221; top_margin=&#8221;page-margin-top-section&#8221; el_class=&#8221;flex-box&#8221; css=&#8221;.vc_custom_1540216421553{background-color: #ffffff !important;}&#8221;][vc_column width=&#8221;1\/2&#8243; css=&#8221;.vc_custom_1536849658368{background-position: center !important;background-repeat: no-repeat !important;background-size: cover !important;}&#8221; el_class=&#8221;padding-bottom-128 column-limited&#8221;][vc_row_inner el_class=&#8221;padding-right-100&#8243;][vc_column_inner]<h3 class=\"box-header margin-top-92\">What Do I Do?<\/h3><h2 class=\"box-header large margin-top-30 no-border\">Expert Touches in Aesthetic Surgery<\/h2>[vc_column_text el_class=&#8221;large margin-top-10&#8243;]Op. Dr. Sedat Ba\u015f&#8217;s expertise in aesthetic and plastic surgery emphasizes personalized and innovative approaches to highlight your beauty. We offer every solution you need on your aesthetic journey:[\/vc_column_text][\/vc_column_inner][\/vc_row_inner][vc_row_inner el_class=&#8221;padding-right-100&#8243;][vc_column_inner width=&#8221;1\/2&#8243;]<ul class=\"simple-list margin-top-15 clearfix\"><li class=\"template-tick-2 clearfix\">\n\t\t\t<span>Nose Aesthetics<\/span><\/li> <li class=\"template-tick-2 clearfix\">\n\t\t\t<span>Breast Aesthetics<\/span><\/li><\/ul>[\/vc_column_inner][vc_column_inner width=&#8221;1\/2&#8243;]<ul class=\"simple-list margin-top-15 clearfix\"><li class=\"template-tick-2 clearfix\">\n\t\t\t<span>Facial Aesthetics<\/span><\/li><li class=\"template-tick-2 clearfix\">\n\t\t\t<span>Body Aesthetics <\/span><\/li><\/ul>[\/vc_column_inner][\/vc_row_inner][\/vc_column][vc_column width=&#8221;1\/2&#8243; css=&#8221;.vc_custom_1702300580032{background-image: url(https:\/\/sedatbas.com\/wp-content\/uploads\/2023\/12\/neler-yapiyorum.jpg?id=5385) !important;background-position: center !important;background-repeat: no-repeat !important;background-size: cover !important;}&#8221;]<a href=\"http:\/\/www.youtube.com\/watch?v=IqLO7pFHuy0\" class=\"icon-single hexagon fancybox\"><span class=\"features-play\"><\/span><\/a>[\/vc_column][\/vc_row][vc_row type=&#8221;full-width&#8221; css=&#8221;.vc_custom_1705478426796{margin-top: 0px !important;margin-bottom: 0px !important;padding-top: 80px !important;padding-bottom: 80px !important;background-color: #440791 !important;}&#8221;][vc_column][vc_row_inner el_class=&#8221;counter-custom&#8221;][vc_column_inner el_class=&#8221;counter-1&#8243; width=&#8221;1\/3&#8243;]<div class=\"counter-box has-counter-box-path features-time\"><svg xmlns=\"https:\/\/www.w3.org\/2000\/svg\" xmlns:xlink=\"https:\/\/www.w3.org\/1999\/xlink\" width=\"140px\" height=\"140px\" viewBox=\"0 0 142 142\"><circle class=\"counter-box-path animated-element\" stroke=\"#FFF\" cx=\"71\" cy=\"71\" r=\"69\" fill=\"none\" stroke-width=\"2\" data-duration=\"2000\"\/><\/svg><span class=\"number animated-element\" data-value=\"22\"><\/span><p>YEARS OF EXPERIENCE<\/p><\/div>[\/vc_column_inner][vc_column_inner width=&#8221;1\/3&#8243;]<div class=\"counter-box has-counter-box-path features-medical-bed\"><svg xmlns=\"https:\/\/www.w3.org\/2000\/svg\" xmlns:xlink=\"https:\/\/www.w3.org\/1999\/xlink\" width=\"140px\" height=\"140px\" viewBox=\"0 0 142 142\"><circle class=\"counter-box-path animated-element\" stroke=\"#FFF\" cx=\"71\" cy=\"71\" r=\"69\" fill=\"none\" stroke-width=\"2\" data-duration=\"2000\"\/><\/svg><span class=\"number animated-element\" data-value=\"5537\"><\/span><p>SUCCESSFUL OPERATION<\/p><\/div>[\/vc_column_inner][vc_column_inner el_class=&#8221;counter-3&#8243; width=&#8221;1\/3&#8243;]<div class=\"counter-box has-counter-box-path features-doctor\"><svg xmlns=\"https:\/\/www.w3.org\/2000\/svg\" xmlns:xlink=\"https:\/\/www.w3.org\/1999\/xlink\" width=\"140px\" height=\"140px\" viewBox=\"0 0 142 142\"><circle class=\"counter-box-path animated-element\" stroke=\"#FFF\" cx=\"71\" cy=\"71\" r=\"69\" fill=\"none\" stroke-width=\"2\" data-duration=\"2000\"\/><\/svg><span class=\"number animated-element\" data-value=\"15461\"><\/span><p>HAPPY VISITOR<\/p><\/div>[\/vc_column_inner][\/vc_row_inner][\/vc_column][\/vc_row][vc_row type=&#8221;full-width&#8221; el_class=&#8221;padding-top-89&#8243; css=&#8221;.vc_custom_1702300804668{padding-bottom: 80px !important;background-color: #f0f0f0 !important;}&#8221;][vc_column][vc_row_inner][vc_column_inner]<h2 class=\"box-header large align-center\">Why Should You Choose Me?<\/h2>[vc_column_text el_class=&#8221;large margin-top-20 align-center&#8221;]Op. As Dr. Sedat Ba\u015f, I promise excellence in your personal beauty goals with my expertise and artistic touch in aesthetic surgery. I aim to understand the unique needs of each of my patients and provide the best possible results.[\/vc_column_text][\/vc_column_inner][\/vc_row_inner][vc_row_inner top_margin=&#8221;page-margin-top&#8221;][vc_column_inner width=&#8221;1\/3&#8243;]<ul class=\"clearfix mc-features mc-features-large mc-features-style-default\"><li class=\"item-content clearfix\">\r\n\t\t\t\t<span class=\"hexagon animated-element animation-scale\"  title=\"Personalized Approach\"><span class=\"features-medical-results\"><\/span><\/span><div class=\"text\"><h3><span   title=\"Personalized Approach\">Personalized Approach<\/span><\/h3><p>We value the uniqueness of each patient and provide personalized treatments accordingly.<\/p>\n<\/div>\r\n\t\t\t<\/li><\/ul>[\/vc_column_inner][vc_column_inner width=&#8221;1\/3&#8243;]<ul class=\"clearfix mc-features mc-features-large mc-features-style-default\"><li class=\"item-content clearfix\">\r\n\t\t\t\t<span class=\"hexagon animated-element animation-scale\"  title=\"Innovative Techniques\"><span class=\"features-medical-scissors\"><\/span><\/span><div class=\"text\"><h3><span   title=\"Innovative Techniques\">Innovative Techniques<\/span><\/h3><p>We utilize the latest technological advancements and innovative surgical techniques.<\/p>\n<\/div>\r\n\t\t\t<\/li><\/ul>[\/vc_column_inner][vc_column_inner width=&#8221;1\/3&#8243;][\/vc_column_inner][\/vc_row_inner][\/vc_column][\/vc_row]<\/p>\n<\/div>","protected":false},"excerpt":{"rendered":"<p>[vc_row top_margin=&#8221;page-margin-top-section&#8221;][vc_column width=&#8221;1\/2&#8243; el_class=&#8221;padding-right-30&#8243;][vc_single_image image=&#8221;5380&#8243; img_size=&#8221;medicenter-vertical-image&#8221; el_class=&#8221;page-margin-top side-image&#8221;][vc_single_image image=&#8221;5381&#8243; img_size=&#8221;medicenter-vertical-image&#8221; alignment=&#8221;right&#8221;][\/vc_column][vc_column width=&#8221;1\/2&#8243;][vc_column_text el_class=&#8221;large margin-top-10&#8243;]Op. Dr. Sedat Ba\u015f was born in Istanbul in 1970. He completed his medical education in 1995 and earned the title of Medical Doctor. Dr. Ba\u015f began his specialization training in Aesthetic, Plastic, and Reconstructive Surgery in 2000. He earned his specialization<\/p>\n","protected":false},"author":1,"featured_media":0,"parent":0,"menu_order":0,"comment_status":"closed","ping_status":"closed","template":"","meta":{"inline_featured_image":false,"footnotes":""},"class_list":["post-6282","page","type-page","status-publish","hentry"],"yoast_head":"<!-- This site is optimized with the Yoast SEO plugin v25.8 - https:\/\/yoast.com\/wordpress\/plugins\/seo\/ -->\n<title>About Me - Sedat Ba\u015f<\/title>\n<meta name=\"description\" content=\"Op. Dr. Sedat Ba\u015f completed his medical education in 1995 and earned the title of Medical Doctor\" \/>\n<meta name=\"robots\" content=\"index, follow, max-snippet:-1, max-image-preview:large, max-video-preview:-1\" \/>\n<link rel=\"canonical\" href=\"https:\/\/sedatbas.com\/en\/about-me\/\" \/>\n<meta property=\"og:locale\" content=\"en_US\" \/>\n<meta property=\"og:type\" content=\"article\" \/>\n<meta property=\"og:title\" content=\"About Me - Sedat Ba\u015f\" \/>\n<meta property=\"og:description\" content=\"Op. Dr. Sedat Ba\u015f completed his medical education in 1995 and earned the title of Medical Doctor\" \/>\n<meta property=\"og:url\" content=\"https:\/\/sedatbas.com\/en\/about-me\/\" \/>\n<meta property=\"og:site_name\" content=\"Sedat Ba\u015f\" \/>\n<meta property=\"article:modified_time\" content=\"2024-04-05T14:26:34+00:00\" \/>\n<meta name=\"twitter:card\" content=\"summary_large_image\" \/>\n<meta name=\"twitter:label1\" content=\"Est. reading time\" \/>\n\t<meta name=\"twitter:data1\" content=\"3 minutes\" \/>\n<script type=\"application\/ld+json\" class=\"yoast-schema-graph\">{\"@context\":\"https:\/\/schema.org\",\"@graph\":[{\"@type\":\"Article\",\"@id\":\"https:\/\/sedatbas.com\/en\/about-me\/#article\",\"isPartOf\":{\"@id\":\"https:\/\/sedatbas.com\/en\/about-me\/\"},\"author\":{\"name\":\"sedatbas\",\"@id\":\"https:\/\/sedatbas.com\/en\/#\/schema\/person\/ef6511997142aeb4bcb9f6d25a9d461f\"},\"headline\":\"About Me\",\"datePublished\":\"2018-10-25T09:36:29+00:00\",\"dateModified\":\"2024-04-05T14:26:34+00:00\",\"mainEntityOfPage\":{\"@id\":\"https:\/\/sedatbas.com\/en\/about-me\/\"},\"wordCount\":813,\"publisher\":{\"@id\":\"https:\/\/sedatbas.com\/en\/#\/schema\/person\/ef6511997142aeb4bcb9f6d25a9d461f\"},\"inLanguage\":\"en-US\"},{\"@type\":\"WebPage\",\"@id\":\"https:\/\/sedatbas.com\/en\/about-me\/\",\"url\":\"https:\/\/sedatbas.com\/en\/about-me\/\",\"name\":\"About Me - Sedat Ba\u015f\",\"isPartOf\":{\"@id\":\"https:\/\/sedatbas.com\/en\/#website\"},\"datePublished\":\"2018-10-25T09:36:29+00:00\",\"dateModified\":\"2024-04-05T14:26:34+00:00\",\"description\":\"Op. Dr. Sedat Ba\u015f completed his medical education in 1995 and earned the title of Medical Doctor\",\"breadcrumb\":{\"@id\":\"https:\/\/sedatbas.com\/en\/about-me\/#breadcrumb\"},\"inLanguage\":\"en-US\",\"potentialAction\":[{\"@type\":\"ReadAction\",\"target\":[\"https:\/\/sedatbas.com\/en\/about-me\/\"]}]},{\"@type\":\"BreadcrumbList\",\"@id\":\"https:\/\/sedatbas.com\/en\/about-me\/#breadcrumb\",\"itemListElement\":[{\"@type\":\"ListItem\",\"position\":1,\"name\":\"Anasayfa\",\"item\":\"https:\/\/sedatbas.com\/en\/\"},{\"@type\":\"ListItem\",\"position\":2,\"name\":\"About Me\"}]},{\"@type\":\"WebSite\",\"@id\":\"https:\/\/sedatbas.com\/en\/#website\",\"url\":\"https:\/\/sedatbas.com\/en\/\",\"name\":\"Sedat Ba\u015f - Estetik ve Plastik Cerrah\",\"description\":\"Op. Dr. Sedat Ba\u015f\",\"publisher\":{\"@id\":\"https:\/\/sedatbas.com\/en\/#\/schema\/person\/ef6511997142aeb4bcb9f6d25a9d461f\"},\"potentialAction\":[{\"@type\":\"SearchAction\",\"target\":{\"@type\":\"EntryPoint\",\"urlTemplate\":\"https:\/\/sedatbas.com\/en\/?s={search_term_string}\"},\"query-input\":{\"@type\":\"PropertyValueSpecification\",\"valueRequired\":true,\"valueName\":\"search_term_string\"}}],\"inLanguage\":\"en-US\"},{\"@type\":[\"Person\",\"Organization\"],\"@id\":\"https:\/\/sedatbas.com\/en\/#\/schema\/person\/ef6511997142aeb4bcb9f6d25a9d461f\",\"name\":\"sedatbas\",\"image\":{\"@type\":\"ImageObject\",\"inLanguage\":\"en-US\",\"@id\":\"https:\/\/sedatbas.com\/en\/#\/schema\/person\/image\/\",\"url\":\"https:\/\/secure.gravatar.com\/avatar\/5cfeaccba9fbe1e4ef1dac8904d8f595f77ce0766e6c84e255a5fd4322530893?s=96&d=mm&r=g\",\"contentUrl\":\"https:\/\/secure.gravatar.com\/avatar\/5cfeaccba9fbe1e4ef1dac8904d8f595f77ce0766e6c84e255a5fd4322530893?s=96&d=mm&r=g\",\"caption\":\"sedatbas\"},\"logo\":{\"@id\":\"https:\/\/sedatbas.com\/en\/#\/schema\/person\/image\/\"},\"sameAs\":[\"https:\/\/sedatbas.com\"]}]}<\/script>\n<!-- \/ Yoast SEO plugin. -->","yoast_head_json":{"title":"About Me - Sedat Ba\u015f","description":"Op. Dr. Sedat Ba\u015f completed his medical education in 1995 and earned the title of Medical Doctor","robots":{"index":"index","follow":"follow","max-snippet":"max-snippet:-1","max-image-preview":"max-image-preview:large","max-video-preview":"max-video-preview:-1"},"canonical":"https:\/\/sedatbas.com\/en\/about-me\/","og_locale":"en_US","og_type":"article","og_title":"About Me - Sedat Ba\u015f","og_description":"Op. Dr. Sedat Ba\u015f completed his medical education in 1995 and earned the title of Medical Doctor","og_url":"https:\/\/sedatbas.com\/en\/about-me\/","og_site_name":"Sedat Ba\u015f","article_modified_time":"2024-04-05T14:26:34+00:00","twitter_card":"summary_large_image","twitter_misc":{"Est. reading time":"3 minutes"},"schema":{"@context":"https:\/\/schema.org","@graph":[{"@type":"Article","@id":"https:\/\/sedatbas.com\/en\/about-me\/#article","isPartOf":{"@id":"https:\/\/sedatbas.com\/en\/about-me\/"},"author":{"name":"sedatbas","@id":"https:\/\/sedatbas.com\/en\/#\/schema\/person\/ef6511997142aeb4bcb9f6d25a9d461f"},"headline":"About Me","datePublished":"2018-10-25T09:36:29+00:00","dateModified":"2024-04-05T14:26:34+00:00","mainEntityOfPage":{"@id":"https:\/\/sedatbas.com\/en\/about-me\/"},"wordCount":813,"publisher":{"@id":"https:\/\/sedatbas.com\/en\/#\/schema\/person\/ef6511997142aeb4bcb9f6d25a9d461f"},"inLanguage":"en-US"},{"@type":"WebPage","@id":"https:\/\/sedatbas.com\/en\/about-me\/","url":"https:\/\/sedatbas.com\/en\/about-me\/","name":"About Me - Sedat Ba\u015f","isPartOf":{"@id":"https:\/\/sedatbas.com\/en\/#website"},"datePublished":"2018-10-25T09:36:29+00:00","dateModified":"2024-04-05T14:26:34+00:00","description":"Op. Dr. Sedat Ba\u015f completed his medical education in 1995 and earned the title of Medical Doctor","breadcrumb":{"@id":"https:\/\/sedatbas.com\/en\/about-me\/#breadcrumb"},"inLanguage":"en-US","potentialAction":[{"@type":"ReadAction","target":["https:\/\/sedatbas.com\/en\/about-me\/"]}]},{"@type":"BreadcrumbList","@id":"https:\/\/sedatbas.com\/en\/about-me\/#breadcrumb","itemListElement":[{"@type":"ListItem","position":1,"name":"Anasayfa","item":"https:\/\/sedatbas.com\/en\/"},{"@type":"ListItem","position":2,"name":"About Me"}]},{"@type":"WebSite","@id":"https:\/\/sedatbas.com\/en\/#website","url":"https:\/\/sedatbas.com\/en\/","name":"Sedat Ba\u015f - Estetik ve Plastik Cerrah","description":"Op. Dr. Sedat Ba\u015f","publisher":{"@id":"https:\/\/sedatbas.com\/en\/#\/schema\/person\/ef6511997142aeb4bcb9f6d25a9d461f"},"potentialAction":[{"@type":"SearchAction","target":{"@type":"EntryPoint","urlTemplate":"https:\/\/sedatbas.com\/en\/?s={search_term_string}"},"query-input":{"@type":"PropertyValueSpecification","valueRequired":true,"valueName":"search_term_string"}}],"inLanguage":"en-US"},{"@type":["Person","Organization"],"@id":"https:\/\/sedatbas.com\/en\/#\/schema\/person\/ef6511997142aeb4bcb9f6d25a9d461f","name":"sedatbas","image":{"@type":"ImageObject","inLanguage":"en-US","@id":"https:\/\/sedatbas.com\/en\/#\/schema\/person\/image\/","url":"https:\/\/secure.gravatar.com\/avatar\/5cfeaccba9fbe1e4ef1dac8904d8f595f77ce0766e6c84e255a5fd4322530893?s=96&d=mm&r=g","contentUrl":"https:\/\/secure.gravatar.com\/avatar\/5cfeaccba9fbe1e4ef1dac8904d8f595f77ce0766e6c84e255a5fd4322530893?s=96&d=mm&r=g","caption":"sedatbas"},"logo":{"@id":"https:\/\/sedatbas.com\/en\/#\/schema\/person\/image\/"},"sameAs":["https:\/\/sedatbas.com"]}]}},"_links":{"self":[{"href":"https:\/\/sedatbas.com\/en\/wp-json\/wp\/v2\/pages\/6282","targetHints":{"allow":["GET"]}}],"collection":[{"href":"https:\/\/sedatbas.com\/en\/wp-json\/wp\/v2\/pages"}],"about":[{"href":"https:\/\/sedatbas.com\/en\/wp-json\/wp\/v2\/types\/page"}],"author":[{"embeddable":true,"href":"https:\/\/sedatbas.com\/en\/wp-json\/wp\/v2\/users\/1"}],"replies":[{"embeddable":true,"href":"https:\/\/sedatbas.com\/en\/wp-json\/wp\/v2\/comments?post=6282"}],"version-history":[{"count":7,"href":"https:\/\/sedatbas.com\/en\/wp-json\/wp\/v2\/pages\/6282\/revisions"}],"predecessor-version":[{"id":6309,"href":"https:\/\/sedatbas.com\/en\/wp-json\/wp\/v2\/pages\/6282\/revisions\/6309"}],"wp:attachment":[{"href":"https:\/\/sedatbas.com\/en\/wp-json\/wp\/v2\/media?parent=6282"}],"curies":[{"name":"wp","href":"https:\/\/api.w.org\/{rel}","templated":true}]}}